{"id":745,"date":"2016-03-10T18:51:46","date_gmt":"2016-03-10T18:51:46","guid":{"rendered":"https:\/\/default.houzez.co\/?page_id=745"},"modified":"2026-03-29T18:12:50","modified_gmt":"2026-03-29T18:12:50","slug":"terms-and-conditions","status":"publish","type":"page","link":"https:\/\/realestatebora.al\/en\/terms-and-conditions\/","title":{"rendered":"Terms of Use"},"content":{"rendered":"<p data-start=\"99\" data-end=\"436\">Duke plot\u00ebsuar dhe d\u00ebrguar k\u00ebt\u00eb formular kontakti, ju jepni p\u00eblqimin tuaj t\u00eb lir\u00eb, specifik, t\u00eb informuar dhe t\u00eb qart\u00eb p\u00ebr p\u00ebrpunimin e t\u00eb dh\u00ebnave tuaja personale nga <strong data-start=\"266\" data-end=\"286\">Real Estate Bora<\/strong>, n\u00eb p\u00ebrputhje me k\u00ebrkesat e <span class=\"hover:entity-accent entity-underline inline cursor-pointer align-baseline\"><span class=\"whitespace-normal\">Ligji Nr. 9887, dat\u00eb 10.03.2008 \u201cP\u00ebr mbrojtjen e t\u00eb dh\u00ebnave personale\u201d<\/span><\/span>, i ndryshuar, si dhe aktet n\u00ebnligjore p\u00ebrkat\u00ebse n\u00eb fuqi n\u00eb Republik\u00ebn e Shqip\u00ebris\u00eb.<\/p>\n<p data-start=\"438\" data-end=\"842\">T\u00eb dh\u00ebnat personale t\u00eb mbledhura p\u00ebrmes k\u00ebtij formulari (si emri, numri i telefonit, adresa e email-it dhe \u00e7do informacion tjet\u00ebr i dh\u00ebn\u00eb vullnetarisht) do t\u00eb p\u00ebrpunohen vet\u00ebm p\u00ebr q\u00ebllime t\u00eb ligjshme dhe specifike, p\u00ebrfshir\u00eb por pa u kufizuar n\u00eb: komunikimin me ju, ofrimin e informacionit mbi pronat dhe sh\u00ebrbimet e ofruara nga <strong data-start=\"767\" data-end=\"787\">Real Estate Bora<\/strong>, si dhe p\u00ebr ndjekjen dhe menaxhimin e k\u00ebrkesave tuaja.<\/p>\n<p data-start=\"844\" data-end=\"1278\"><strong data-start=\"844\" data-end=\"864\">Real Estate Bora<\/strong> garanton q\u00eb t\u00eb dh\u00ebnat tuaja do t\u00eb trajtohen n\u00eb m\u00ebnyr\u00eb t\u00eb sigurt dhe konfidenciale, duke zbatuar masa teknike dhe organizative t\u00eb p\u00ebrshtatshme p\u00ebr mbrojtjen e tyre nga akses i paautorizuar, humbje, ndryshim apo shp\u00ebrndarje e paligjshme. T\u00eb dh\u00ebnat nuk do t\u2019u komunikohen pal\u00ebve t\u00eb treta pa p\u00eblqimin tuaj paraprak, p\u00ebrve\u00e7 rasteve kur nj\u00eb gj\u00eb e till\u00eb k\u00ebrkohet nga legjislacioni n\u00eb fuqi ose nga autoritetet kompetente.<\/p>\n<p data-start=\"1280\" data-end=\"1622\">N\u00eb p\u00ebrputhje me legjislacionin n\u00eb fuqi, ju g\u00ebzoni t\u00eb drejt\u00ebn p\u00ebr t\u00eb k\u00ebrkuar n\u00eb \u00e7do koh\u00eb akses n\u00eb t\u00eb dh\u00ebnat tuaja personale, korrigjimin ose p\u00ebrdit\u00ebsimin e tyre, kufizimin e p\u00ebrpunimit, kund\u00ebrshtimin e p\u00ebrpunimit, si dhe fshirjen e tyre (\u201ce drejta p\u00ebr t\u2019u harruar\u201d), duke kontaktuar <strong data-start=\"1562\" data-end=\"1582\">Real Estate Bora<\/strong> p\u00ebrmes kanaleve zyrtare t\u00eb komunikimit.<\/p>\n<p data-start=\"1624\" data-end=\"1776\">D\u00ebrgimi i k\u00ebtij formulari p\u00ebrb\u00ebn konfirmim t\u00eb qart\u00eb se keni lexuar, kuptuar dhe pranuar kushtet e m\u00ebsip\u00ebrme p\u00ebr p\u00ebrpunimin e t\u00eb dh\u00ebnave tuaja personale.<\/p>","protected":false},"excerpt":{"rendered":"<p>Duke plot\u00ebsuar dhe d\u00ebrguar k\u00ebt\u00eb formular kontakti, ju jepni p\u00eblqimin tuaj t\u00eb lir\u00eb, specifik, t\u00eb informuar dhe t\u00eb qart\u00eb p\u00ebr p\u00ebrpunimin e t\u00eb dh\u00ebnave tuaja personale nga Real Estate Bora, n\u00eb p\u00ebrputhje me k\u00ebrkesat e Ligji Nr. 9887, dat\u00eb 10.03.2008 \u201cP\u00ebr mbrojtjen e t\u00eb dh\u00ebnave personale\u201d, i ndryshuar, si dhe aktet n\u00ebnligjore p\u00ebrkat\u00ebse n\u00eb fuqi [&hellip;]<\/p>\n","protected":false},"author":1,"featured_media":0,"parent":0,"menu_order":0,"comment_status":"closed","ping_status":"closed","template":"","meta":{"footnotes":""},"class_list":["post-745","page","type-page","status-publish","hentry"],"aioseo_notices":[],"_hostinger_reach_plugin_has_subscription_block":false,"_hostinger_reach_plugin_is_elementor":false,"_links":{"self":[{"href":"https:\/\/realestatebora.al\/en\/wp-json\/wp\/v2\/pages\/745","targetHints":{"allow":["GET"]}}],"collection":[{"href":"https:\/\/realestatebora.al\/en\/wp-json\/wp\/v2\/pages"}],"about":[{"href":"https:\/\/realestatebora.al\/en\/wp-json\/wp\/v2\/types\/page"}],"author":[{"embeddable":true,"href":"https:\/\/realestatebora.al\/en\/wp-json\/wp\/v2\/users\/1"}],"replies":[{"embeddable":true,"href":"https:\/\/realestatebora.al\/en\/wp-json\/wp\/v2\/comments?post=745"}],"version-history":[{"count":2,"href":"https:\/\/realestatebora.al\/en\/wp-json\/wp\/v2\/pages\/745\/revisions"}],"predecessor-version":[{"id":19113,"href":"https:\/\/realestatebora.al\/en\/wp-json\/wp\/v2\/pages\/745\/revisions\/19113"}],"wp:attachment":[{"href":"https:\/\/realestatebora.al\/en\/wp-json\/wp\/v2\/media?parent=745"}],"curies":[{"name":"wp","href":"https:\/\/api.w.org\/{rel}","templated":true}]}}